{"id":49,"date":"2020-08-26T05:50:26","date_gmt":"2020-08-26T05:50:26","guid":{"rendered":"https:\/\/www.devsnews.com\/wp\/bildpress\/?page_id=49"},"modified":"2024-03-03T09:42:51","modified_gmt":"2024-03-03T09:42:51","slug":"about","status":"publish","type":"page","link":"https:\/\/greatanatoliaboya.com\/zenetex\/about\/","title":{"rendered":"Pr\u00e9sentation"},"content":{"rendered":"\t\t<div data-elementor-type=\"wp-page\" data-elementor-id=\"49\" class=\"elementor elementor-49\">\n\t\t\t\t\t\t<section class=\"elementor-section elementor-top-section elementor-element elementor-element-9d69a42 elementor-section-full_width elementor-section-height-default elementor-section-height-default\" data-id=\"9d69a42\" data-element_type=\"section\" data-settings=\"{&quot;background_background&quot;:&quot;classic&quot;}\">\n\t\t\t\t\t\t\t<div class=\"elementor-background-overlay\"><\/div>\n\t\t\t\t\t\t\t<div class=\"elementor-container elementor-column-gap-no\">\n\t\t\t\t\t<div class=\"elementor-column elementor-col-100 elementor-top-column elementor-element elementor-element-2491e84\" data-id=\"2491e84\" data-element_type=\"column\">\n\t\t\t<div class=\"elementor-widget-wrap elementor-element-populated\">\n\t\t\t\t\t\t<div class=\"elementor-element elementor-element-38c1327 elementor-widget elementor-widget-about bdevs-el about\" data-id=\"38c1327\" data-element_type=\"widget\" data-settings=\"{&quot;design_style&quot;:&quot;style_2&quot;}\" data-widget_type=\"about.default\">\n\t\t\t\t<div class=\"elementor-widget-container\">\n\t\t\t\r\n        \r\n        <section class=\"about4\">\r\n            <div class=\"content_box_120\">\r\n                <div class=\"container\">\r\n                    <div class=\"row\">\r\n                        <div class=\"col-lg-6\">\r\n                            <div class=\"about4__thumb-area\">\r\n                                                                <div class=\"about4__thumb1\">\r\n                                    <img decoding=\"async\" src=\"https:\/\/greatanatoliaboya.com\/zenetex\/wp-content\/uploads\/2024\/03\/about-07-1.gif\" alt=\"Image\">\r\n                                <\/div>\r\n                                                                                                <div class=\"about4__thumb2\">\r\n                                    <img decoding=\"async\" src=\"https:\/\/greatanatoliaboya.com\/zenetex\/wp-content\/uploads\/2024\/03\/about-08.gif\" alt=\"Image\">\r\n                                <\/div>\r\n                                                            <\/div>\r\n                        <\/div>\r\n                        <div class=\"col-lg-6 d-flex align-items-center\">\r\n                            <div class=\"about4__content bdevs-el-content\">\r\n                                <div class=\"title_style1\">\r\n                                                                    <h5 class=\"sub-title bdevs-el-subtitle\">QUI SOMMES NOUS<\/h5>\r\n                                \r\n                                <h2 class=\"section-title bdevs-el-title\">ZENETEX<\/h2>                                <\/div>\r\n\r\n                                                                <p>Depuis des ann\u00e9es, ZENETEX s'engage \u00e0 fournir \u00e0 ses clients une literie de qualit\u00e9 sup\u00e9rieure, alliant confort et durabilit\u00e9. Notre histoire a commenc\u00e9 avec une passion pour le sommeil de qualit\u00e9 et le d\u00e9sir de cr\u00e9er des produits qui r\u00e9pondent aux besoins de chacun.<\/p>\r\n                                \r\n                                    \r\n                                <div class=\"about4__experience mt-40\">\r\n                                    <div class=\"about4__experience--content\">\r\n                                        <h2>10<span>+<\/span><\/h2>\r\n                                        <i class=\"far fa-paper-plane\"><\/i>\r\n                                        <div class=\"about4_experience_text\">\r\n                                            <h4>Ans<\/h4>\n<h3>d'Experience<\/h3>                                        <\/div>\r\n                                    <\/div>\r\n                                <\/div>\r\n                                   \r\n                            <\/div>\r\n                        <\/div>\r\n                    <\/div>\r\n                <\/div>\r\n            <\/div>\r\n        <\/section>\r\n\r\n        \r\n        \t\t<\/div>\n\t\t\t\t<\/div>\n\t\t\t\t\t<\/div>\n\t\t<\/div>\n\t\t\t\t\t<\/div>\n\t\t<\/section>\n\t\t\t\t<section class=\"elementor-section elementor-top-section elementor-element elementor-element-591c48a elementor-section-full_width elementor-section-height-default elementor-section-height-default\" data-id=\"591c48a\" data-element_type=\"section\">\n\t\t\t\t\t\t<div class=\"elementor-container elementor-column-gap-no\">\n\t\t\t\t\t<div class=\"elementor-column elementor-col-100 elementor-top-column elementor-element elementor-element-6289877\" data-id=\"6289877\" data-element_type=\"column\">\n\t\t\t<div class=\"elementor-widget-wrap elementor-element-populated\">\n\t\t\t\t\t\t<div class=\"elementor-element elementor-element-9056b0a elementor-widget elementor-widget-services-tab bdevs-el services-tab\" data-id=\"9056b0a\" data-element_type=\"widget\" data-settings=\"{&quot;design_style&quot;:&quot;style_2&quot;}\" data-widget_type=\"services-tab.default\">\n\t\t\t\t<div class=\"elementor-widget-container\">\n\t\t\t\r\n\r\n        \r\n        <section class=\"key_features1\">\r\n            <div class=\"container-fluid pl-0 pr-0\">\r\n                <div class=\"row no-gutters\">\r\n                                        <div class=\"col-xl-3 col-md-6\">\r\n                        <div class=\"key_features1__thumb-2 key_features1__thumb-4 \" data-background=\"https:\/\/greatanatoliaboya.com\/zenetex\/wp-content\/uploads\/2020\/10\/png-img-06.png\">\r\n                            <div class=\"key_features1__item bdevs-el-content\">\r\n                                <div class=\"key_features1__item--thumb\">\r\n                                                                   <\/div>\r\n                                <div class=\"key_features1__item--content\">\r\n                                                                        <h4 class=\"bdevs-el-title\">Notre Mission<\/h4>\r\n                                                                                                            <p>Chez ZENETEX, notre mission est de vous offrir une exp\u00e9rience de sommeil exceptionnelle. Nous croyons fermement que la qualit\u00e9 de votre literie a un impact significatif sur votre bien-\u00eatre et votre qualit\u00e9 de vie. C'est pourquoi nous nous effor\u00e7ons de concevoir et de fabriquer des produits qui vous aident \u00e0 dormir mieux et \u00e0 vous r\u00e9veiller rafra\u00eechi et pr\u00eat \u00e0 affronter la journ\u00e9e.<\/p>\r\n                                                                    <\/div>\r\n                                                            <\/div>\r\n                        <\/div>\r\n                    <\/div>\r\n                                        <div class=\"col-xl-3 col-md-6\">\r\n                        <div class=\"key_features1__thumb-2  key_features1__thumb-3\" data-background=\"https:\/\/greatanatoliaboya.com\/zenetex\/wp-content\/uploads\/2024\/03\/about-07.gif\">\r\n                            <div class=\"key_features1__item bdevs-el-content\">\r\n                                <div class=\"key_features1__item--thumb\">\r\n                                                                   <\/div>\r\n                                <div class=\"key_features1__item--content\">\r\n                                                                        <h4 class=\"bdevs-el-title\">Notre Engagement<\/h4>\r\n                                                                                                            <p>La qualit\u00e9 est au c\u0153ur de tout ce que nous faisons chez ZENETEX. Nous s\u00e9lectionnons soigneusement les mat\u00e9riaux pour leur confort, leur durabilit\u00e9 et leur respect de l'environnement. Chaque produit est fabriqu\u00e9 avec un souci du d\u00e9tail et une attention particuli\u00e8re aux finitions pour vous offrir une literie exceptionnelle.<\/p>\r\n                                                                    <\/div>\r\n                                                            <\/div>\r\n                        <\/div>\r\n                    <\/div>\r\n                                        <div class=\"col-xl-6\">\r\n                        <div class=\"key_features1__thumb-1\" data-background=\"https:\/\/greatanatoliaboya.com\/zenetex\/wp-content\/uploads\/2024\/03\/46E7DF07-C383-4A6C-AAAE-B7E4F1EF7C2D.jpg\"><\/div>\r\n                    <\/div>\r\n                <\/div>\r\n            <\/div>\r\n        <\/section>  \r\n        \r\n        \r\n        \t\t<\/div>\n\t\t\t\t<\/div>\n\t\t\t\t\t<\/div>\n\t\t<\/div>\n\t\t\t\t\t<\/div>\n\t\t<\/section>\n\t\t\t\t<section class=\"elementor-section elementor-top-section elementor-element elementor-element-4e5902b elementor-section-full_width elementor-section-height-default elementor-section-height-default\" data-id=\"4e5902b\" data-element_type=\"section\">\n\t\t\t\t\t\t<div class=\"elementor-container elementor-column-gap-no\">\n\t\t\t\t\t<div class=\"elementor-column elementor-col-100 elementor-top-column elementor-element elementor-element-4791229\" data-id=\"4791229\" data-element_type=\"column\">\n\t\t\t<div class=\"elementor-widget-wrap elementor-element-populated\">\n\t\t\t\t\t\t<div class=\"elementor-element elementor-element-5b6b9d5 elementor-widget elementor-widget-heading bdevs-el heading\" data-id=\"5b6b9d5\" data-element_type=\"widget\" data-settings=\"{&quot;design_style&quot;:&quot;style_1&quot;}\" data-widget_type=\"heading.default\">\n\t\t\t\t<div class=\"elementor-widget-container\">\n\t\t\t<style>\/*! elementor - v3.19.0 - 07-02-2024 *\/\n.elementor-heading-title{padding:0;margin:0;line-height:1}.elementor-widget-heading .elementor-heading-title[class*=elementor-size-]>a{color:inherit;font-size:inherit;line-height:inherit}.elementor-widget-heading .elementor-heading-title.elementor-size-small{font-size:15px}.elementor-widget-heading .elementor-heading-title.elementor-size-medium{font-size:19px}.elementor-widget-heading .elementor-heading-title.elementor-size-large{font-size:29px}.elementor-widget-heading .elementor-heading-title.elementor-size-xl{font-size:39px}.elementor-widget-heading .elementor-heading-title.elementor-size-xxl{font-size:59px}<\/style>\r\n                    <div class=\"container\">\r\n                <div class=\"row\">\r\n                    <div class=\"col-12\">\r\n                        <div class=\"title_style1 position-relative bdevs-el-content\">\r\n                                                            <h5 class=\"sub-title bdevs-el-subtitle\">POURQUOI<\/h5>\r\n                            \r\n                            <h2 class=\"section-title bdevs-el-title\">NOUS CHOISIR<\/h2>\r\n                            \r\n                                                    <\/div>\r\n                    <\/div>\r\n                <\/div>\r\n            <\/div>\r\n\r\n\r\n\r\n        \r\n\t\t<\/div>\n\t\t\t\t<\/div>\n\t\t\t\t\t<\/div>\n\t\t<\/div>\n\t\t\t\t\t<\/div>\n\t\t<\/section>\n\t\t\t\t<section class=\"elementor-section elementor-top-section elementor-element elementor-element-4c813f1 elementor-section-full_width elementor-section-height-default elementor-section-height-default\" data-id=\"4c813f1\" data-element_type=\"section\">\n\t\t\t\t\t\t<div class=\"elementor-container elementor-column-gap-no\">\n\t\t\t\t\t<div class=\"elementor-column elementor-col-100 elementor-top-column elementor-element elementor-element-068a537\" data-id=\"068a537\" data-element_type=\"column\">\n\t\t\t<div class=\"elementor-widget-wrap elementor-element-populated\">\n\t\t\t\t\t\t<div class=\"elementor-element elementor-element-204b6d1 elementor-widget elementor-widget-services-tab bdevs-el services-tab\" data-id=\"204b6d1\" data-element_type=\"widget\" data-settings=\"{&quot;design_style&quot;:&quot;style_4&quot;}\" data-widget_type=\"services-tab.default\">\n\t\t\t\t<div class=\"elementor-widget-container\">\n\t\t\t\r\n\r\n        \r\n        <section class=\"service1 other_page1\">\r\n            <div class=\"projects1__wrapper position-relative\">\r\n                <div class=\"content_box_120_90 p-0\">\r\n                    <div class=\"container\">\r\n                        <div class=\"row\">\r\n                                                        <div class=\"col-lg-4 col-md-6\">\r\n                                <div class=\"process__item mb-30 bdevs-el-content\">\r\n                                    <div class=\"process__thumb\">\r\n                                                                           <\/div>\r\n                                    <div class=\"process__content\">\r\n                                                                                <h3 class=\"bdevs-el-title\"><a href=\"\/wp\/bildpress\/process\/\">Qualit\u00e9 exceptionnelle<\/a><\/h3>\r\n                                        \r\n                                                                                <p>Nous nous engageons \u00e0 vous offrir une literie de qualit\u00e9 sup\u00e9rieure pour un sommeil optimal.<\/p>\r\n                                                                            <\/div>\r\n                                <\/div>\r\n                            <\/div>\r\n                                                        <div class=\"col-lg-4 col-md-6\">\r\n                                <div class=\"process__item mb-30 bdevs-el-content\">\r\n                                    <div class=\"process__thumb\">\r\n                                                                           <\/div>\r\n                                    <div class=\"process__content\">\r\n                                                                                <h3 class=\"bdevs-el-title\"><a href=\"\/wp\/bildpress\/process\/\">Confort et durabilit\u00e9<\/a><\/h3>\r\n                                        \r\n                                                                                <p>Nos produits sont con\u00e7us pour durer et vous offrir un confort in\u00e9gal\u00e9 nuit apr\u00e8s nuit.<\/p>\r\n                                                                            <\/div>\r\n                                <\/div>\r\n                            <\/div>\r\n                                                        <div class=\"col-lg-4 col-md-6\">\r\n                                <div class=\"process__item mb-30 bdevs-el-content\">\r\n                                    <div class=\"process__thumb\">\r\n                                                                           <\/div>\r\n                                    <div class=\"process__content\">\r\n                                                                                <h3 class=\"bdevs-el-title\"><a href=\"\/wp\/bildpress\/process\/\">Respect de l'environnement<\/a><\/h3>\r\n                                        \r\n                                                                                <p>Nous sommes soucieux de l'environnement et nous nous effor\u00e7ons de r\u00e9duire notre empreinte \u00e9cologique \u00e0 chaque \u00e9tape de notre processus de fabrication.<\/p>\r\n                                                                            <\/div>\r\n                                <\/div>\r\n                            <\/div>\r\n                                                    <\/div>\r\n                    <\/div>\r\n                <\/div>\r\n            <\/div>\r\n        <\/section>        \r\n\r\n        \r\n        \t\t<\/div>\n\t\t\t\t<\/div>\n\t\t\t\t\t<\/div>\n\t\t<\/div>\n\t\t\t\t\t<\/div>\n\t\t<\/section>\n\t\t\t\t<\/div>\n\t\t","protected":false},"excerpt":{"rendered":"<p>QUI SOMMES NOUS ZENETEX Depuis des ann\u00e9es, ZENETEX s&rsquo;engage \u00e0 fournir \u00e0 ses clients une literie de qualit\u00e9 sup\u00e9rieure, alliant confort et durabilit\u00e9. Notre histoire a commenc\u00e9 avec une passion pour le sommeil de qualit\u00e9 et le d\u00e9sir de cr\u00e9er des produits qui r\u00e9pondent aux besoins de chacun. 10+ Ans d&rsquo;Experience Notre Mission Chez ZENETEX, [&hellip;]<\/p>\n","protected":false},"author":1,"featured_media":0,"parent":0,"menu_order":0,"comment_status":"closed","ping_status":"closed","template":"elementor_header_footer","meta":{"_acf_changed":false,"_monsterinsights_skip_tracking":false,"_monsterinsights_sitenote_active":false,"_monsterinsights_sitenote_note":"","_monsterinsights_sitenote_category":0,"footnotes":""},"class_list":["post-49","page","type-page","status-publish","hentry"],"acf":[],"aioseo_notices":[],"_links":{"self":[{"href":"https:\/\/greatanatoliaboya.com\/zenetex\/wp-json\/wp\/v2\/pages\/49","targetHints":{"allow":["GET"]}}],"collection":[{"href":"https:\/\/greatanatoliaboya.com\/zenetex\/wp-json\/wp\/v2\/pages"}],"about":[{"href":"https:\/\/greatanatoliaboya.com\/zenetex\/wp-json\/wp\/v2\/types\/page"}],"author":[{"embeddable":true,"href":"https:\/\/greatanatoliaboya.com\/zenetex\/wp-json\/wp\/v2\/users\/1"}],"replies":[{"embeddable":true,"href":"https:\/\/greatanatoliaboya.com\/zenetex\/wp-json\/wp\/v2\/comments?post=49"}],"version-history":[{"count":48,"href":"https:\/\/greatanatoliaboya.com\/zenetex\/wp-json\/wp\/v2\/pages\/49\/revisions"}],"predecessor-version":[{"id":3074,"href":"https:\/\/greatanatoliaboya.com\/zenetex\/wp-json\/wp\/v2\/pages\/49\/revisions\/3074"}],"wp:attachment":[{"href":"https:\/\/greatanatoliaboya.com\/zenetex\/wp-json\/wp\/v2\/media?parent=49"}],"curies":[{"name":"wp","href":"https:\/\/api.w.org\/{rel}","templated":true}]}}